{"id":581,"date":"2024-05-14T14:28:34","date_gmt":"2024-05-14T12:28:34","guid":{"rendered":"https:\/\/www.doorlux.sk\/?page_id=581"},"modified":"2024-05-14T19:34:50","modified_gmt":"2024-05-14T17:34:50","slug":"zarucny-a-pozarucny-servis","status":"publish","type":"page","link":"https:\/\/www.doorlux.sk\/?page_id=581","title":{"rendered":"Z\u00e1ru\u010dn\u00fd a poz\u00e1ru\u010dn\u00fd servis"},"content":{"rendered":"\t\t<div data-elementor-type=\"wp-page\" data-elementor-id=\"581\" class=\"elementor elementor-581\" data-elementor-post-type=\"page\">\n\t\t\t\t<div class=\"elementor-element elementor-element-b646727 e-con-full e-flex e-con e-parent\" data-id=\"b646727\" data-element_type=\"container\">\n\t\t<div class=\"elementor-element elementor-element-7fe556c e-flex e-con-boxed e-con e-child\" data-id=\"7fe556c\" data-element_type=\"container\" data-settings=\"{&quot;background_background&quot;:&quot;classic&quot;}\">\n\t\t\t\t\t<div class=\"e-con-inner\">\n\t\t<div class=\"elementor-element elementor-element-0b911a2 e-con-full e-flex e-con e-child\" data-id=\"0b911a2\" data-element_type=\"container\">\n\t\t\t\t<\/div>\n\t\t<div class=\"elementor-element elementor-element-13ffbcc e-con-full e-flex e-con e-child\" data-id=\"13ffbcc\" data-element_type=\"container\">\n\t\t\t\t<div class=\"elementor-element elementor-element-680ed0e elementor-widget elementor-widget-heading\" data-id=\"680ed0e\" data-element_type=\"widget\" data-widget_type=\"heading.default\">\n\t\t\t\t<div class=\"elementor-widget-container\">\n\t\t\t<style>\/*! elementor - v3.21.0 - 08-05-2024 *\/\n.elementor-heading-title{padding:0;margin:0;line-height:1}.elementor-widget-heading .elementor-heading-title[class*=elementor-size-]>a{color:inherit;font-size:inherit;line-height:inherit}.elementor-widget-heading .elementor-heading-title.elementor-size-small{font-size:15px}.elementor-widget-heading .elementor-heading-title.elementor-size-medium{font-size:19px}.elementor-widget-heading .elementor-heading-title.elementor-size-large{font-size:29px}.elementor-widget-heading .elementor-heading-title.elementor-size-xl{font-size:39px}.elementor-widget-heading .elementor-heading-title.elementor-size-xxl{font-size:59px}<\/style><h2 class=\"elementor-heading-title elementor-size-default\">Z\u00e1ru\u010dn\u00fd a poz\u00e1ru\u010dn\u00fd servis<\/h2>\t\t<\/div>\n\t\t\t\t<\/div>\n\t\t\t\t<\/div>\n\t\t<div class=\"elementor-element elementor-element-2a3408a e-con-full e-flex e-con e-child\" data-id=\"2a3408a\" data-element_type=\"container\">\n\t\t\t\t<\/div>\n\t\t\t\t\t<\/div>\n\t\t\t\t<\/div>\n\t\t\t\t<\/div>\n\t\t<div class=\"elementor-element elementor-element-3922d22b e-flex e-con-boxed e-con e-parent\" data-id=\"3922d22b\" data-element_type=\"container\" data-settings=\"{&quot;background_background&quot;:&quot;classic&quot;}\">\n\t\t\t\t\t<div class=\"e-con-inner\">\n\t\t\t\t<div class=\"elementor-element elementor-element-688c3051 elementor-widget elementor-widget-text-editor\" data-id=\"688c3051\" data-element_type=\"widget\" data-widget_type=\"text-editor.default\">\n\t\t\t\t<div class=\"elementor-widget-container\">\n\t\t\t<style>\/*! elementor - v3.21.0 - 08-05-2024 *\/\n.elementor-widget-text-editor.elementor-drop-cap-view-stacked .elementor-drop-cap{background-color:#69727d;color:#fff}.elementor-widget-text-editor.elementor-drop-cap-view-framed .elementor-drop-cap{color:#69727d;border:3px solid;background-color:transparent}.elementor-widget-text-editor:not(.elementor-drop-cap-view-default) .elementor-drop-cap{margin-top:8px}.elementor-widget-text-editor:not(.elementor-drop-cap-view-default) .elementor-drop-cap-letter{width:1em;height:1em}.elementor-widget-text-editor .elementor-drop-cap{float:left;text-align:center;line-height:1;font-size:50px}.elementor-widget-text-editor .elementor-drop-cap-letter{display:inline-block}<\/style>\t\t\t\t<!-- wp:paragraph -->\n<p>T\u00fdmto z\u00e1ru\u010dn\u00fdm listom dod\u00e1vate\u013e preber\u00e1 z\u00e1v\u00e4zok, \u017ee dodan\u00e9 v\u00fdrobky bud\u00fa po\u010das z\u00e1ru\u010dnej doby sp\u00f4sobil\u00e9 na pou\u017eitie a na \u00fa\u010del, ktor\u00e9mu sl\u00fa\u017eia. Pod\u013ea tohto Z\u00e1ru\u010dn\u00e9ho listu dod\u00e1vate\u013e zodpoved\u00e1 za kon\u0161truk\u010dn\u00e9, v\u00fdrobn\u00e9 a materi\u00e1lov\u00e9 chyby v\u00fdrobkov, a za ch\u00fdbaj\u00face vlastnosti v\u00fdrobkov, existenciu ktor\u00fdch dod\u00e1vate\u013e garantoval alebo existenciu ktor\u00fdch sa d\u00e1 vzh\u013eadom na s\u00fa\u010dasn\u00fd stav techniky a obchodn\u00e9 zvyklosti opr\u00e1vnene o\u010dak\u00e1va\u0165.<\/p>\n<!-- \/wp:paragraph --><!-- wp:paragraph -->\n<p>Z\u00e1ru\u010dn\u00e1 doba, po\u010das ktorej m\u00e1 spotrebite\u013e n\u00e1rok na bezplatn\u00fa opravu je uveden\u00e1 v zmluve o dielo, alebo v cenovej ponuke. Za\u010d\u00edna plyn\u00fa\u0165 od d\u00e1tumu predaja v\u00fdrobku spotrebite\u013eovi.<\/p>\n<!-- \/wp:paragraph --><!-- wp:paragraph -->\n<p>Z\u00e1ruka sa nevz\u0165ahuje na po\u0161kodenia sp\u00f4soben\u00e9 oh\u0148om, nehodou, nespr\u00e1vnym pou\u017e\u00edvan\u00edm v\u00fdrobku, neodborn\u00fdm nastaven\u00edm alebo opravou, \u010falej na po\u0161kodenie sp\u00f4soben\u00e9 neodbornou in\u0161tal\u00e1ciou, \u00fapravou alebo pou\u017e\u00edvan\u00edm sp\u00f4sobom nezlu\u010dite\u013en\u00fdm s n\u00e1vodom na pou\u017eitie, technick\u00fdmi normami alebo bezpe\u010dnostn\u00fdmi predpismi platn\u00fdmi v Slovenskej republike.<\/p>\n<!-- \/wp:paragraph --><!-- wp:paragraph -->\n<p>Opr\u00e1vnen\u00e1 osoba je povinn\u00e1 dod\u00e1vate\u013eovi zisten\u00fa chybu ozn\u00e1mi\u0165 p\u00edsomne bez zbyto\u010dn\u00e9ho odkladu a pri reklam\u00e1cii predlo\u017ei\u0165 platn\u00fd origin\u00e1l fakt\u00fary alebo pr\u00edjmov\u00fd pokladni\u010dn\u00fd blok a tento z\u00e1ru\u010dn\u00fd list.<\/p>\n<!-- \/wp:paragraph --><!-- wp:paragraph -->\n<p><strong>Posudzovanie reklam\u00e1ci\u00ed<\/strong><\/p>\n<!-- \/wp:paragraph --><!-- wp:paragraph -->\n<p>Optick\u00e9 chyby s\u00fa posudzovan\u00e9 pri rozpt\u00fdlenom dennom svetle zo vzdialenosti 1 metrov. Chyby, ktor\u00e9 pri posudzovan\u00ed za tak\u00fdchto podmienok nebud\u00fa vidite\u013en\u00e9 nie s\u00fa d\u00f4vodom reklam\u00e1cie.<\/p>\n<!-- \/wp:paragraph --><!-- wp:paragraph -->\n<p>Bodov\u00e9 a plo\u0161n\u00e9 po\u0161kodenie povrchu ako napr. prelia\u010deniny, farebn\u00e9 zmeny alebo povrchov\u00e9 nerovnosti r\u00f4zneho druhu s\u00fa pr\u00edpustn\u00e9, a nem\u00f4\u017eu by\u0165 predmetom reklam\u00e1cie ak ich najv\u00e4\u010d\u0161\u00ed rozmer nepresiahne 3 mm a ich po\u010det nepresiahne 3 ks na ka\u017edom prvku zvl\u00e1\u0161\u0165.<\/p>\n<!-- \/wp:paragraph --><!-- wp:paragraph -->\n<p>\u0160krabance a vrypy s\u00fa pr\u00edpustn\u00e9 do d\u013a\u017eky maxim\u00e1lne 30 mm.<\/p>\n<!-- \/wp:paragraph --><!-- wp:paragraph -->\n<p>Priehyb okenn\u00fdch a dverov\u00fdch profilov kolmo k rovine okna je be\u017en\u00fd a je odvoden\u00fd od tepelnej vodivosti. Pri bielych profiloch je priehybdovolen\u00fd v rozmedz\u00ed \u00b13 mm na meter d\u013a\u017eky a u farebn\u00fdch profilov je priehyb a\u017e do 4 mm na meter d\u013a\u017eky. Tento priehyb nesmie ma\u0165 vplyv na funk\u010dn\u00e9 vlastnosti okien a dver\u00ed a meria sa v\u017edy 1-metrov\u00fdm meradlom.<\/p>\n<!-- \/wp:paragraph --><!-- wp:paragraph -->\n<p>Na zvaroch v rohoch plastov\u00fdch prvkov m\u00f4\u017ee za\u010distenie pre\u010dnieva\u0165 nad rovinu plochy profilu z d\u00f4vodu toleranci\u00ed presnosti za\u010dis\u0165ovacieho stroja a profilov nesmie v\u0161ak presiahnu\u0165 1 mm. Za chybu sa nepova\u017euje stav, ke\u010f bud\u00fa biele miesta u laminovan\u00fdch profilov zatret\u00e9 krycou fixkou alebo voskom, ak krytie \u010di nerovnos\u0165 zvarov nejde rozozna\u0165, alebo len s nepomern\u00fdmi obtia\u017eami.<\/p>\n<!-- \/wp:paragraph --><!-- wp:paragraph -->\n<p>V\u00fdrobn\u00e9 tolerancie v\u00fd\u0161ky, \u0161\u00edrky, hr\u00fabky a pravouhlosti v\u00fdrobkov vyroben\u00fdch f. Geri Door s.r.o. s\u00fa v s\u00falade s normou STN 74 6210 (v\u00fd\u0161ka\/\u0161\u00edrka r\u00e1mu \u00b1 2,0 mm, pravouhlos\u0165 3,0 mm). V\u00fdrobky nemusia uveden\u00fa normu sp\u013a\u0148a\u0165, ak boli na v\u00fdrobku preveden\u00e9 oper\u00e1cie na \u017eiados\u0165 z\u00e1kazn\u00edka ovplyv\u0148uj\u00face dan\u00e9 rozmery \u2013 \u0161peci\u00e1lne povrchov\u00e9 \u00fapravy, atypick\u00e9 tvary a podobne.<\/p>\n<!-- \/wp:paragraph --><!-- wp:paragraph -->\n<p>Rosenie stredov\u00e9ho dorazu \u2013 vznik\u00e1 pri vysokej vlhkosti a nie je d\u00f4vodom na reklam\u00e1ciu.<\/p>\n<!-- \/wp:paragraph --><!-- wp:paragraph -->\n<p>Na farebn\u00e9 profily (okn\u00e1, dvere) ktor\u00e9 s\u00fa vystaven\u00e9 na priame slne\u010dn\u00e9 \u017eiarenie (najm\u00e4 ju\u017en\u00e1 strana) z\u00e1ruka sa nevs\u0165ahuje ak d\u00f4jde k deform\u00e1ci\u00ed.\u00a0<a href=\"https:\/\/geridoor.sk\/wp-content\/uploads\/2017\/01\/Rosenheim_doc_CZ.pdf\">Dokument IFT Rosenheim<\/a><\/p>\n<!-- \/wp:paragraph --><!-- wp:paragraph -->\n<p><strong>Skl\u00e1<\/strong><\/p>\n<!-- \/wp:paragraph --><!-- wp:paragraph -->\n<p>Reklamovate\u013en\u00fdmi chybami s\u00fa v\u00fdhradne vidite\u013en\u00e9 kazy, ktor\u00e9 nem\u00f4\u017eu by\u0165 nijak zvl\u00e1\u0161\u0165 predstieran\u00e9 (pod\u013ea normy STN 70 1621). Chyby pod 0,6mm sa nezoh\u013ead\u0148uj\u00fa. Ru\u0161iv\u00e9 polia nesm\u00fa by\u0165 v\u00e4\u010d\u0161ie ako 4 mm a vidite\u013en\u00e9 zo vzdialenosti v\u00e4\u010d\u0161ej ako 1 meter pri dennom svetle bez priameho protisvetla (napr. slne\u010dn\u00e9 \u017eiarenie) v uhle pozorovania, ktor\u00fd zodpoved\u00e1 v\u0161eobecn\u00e9mu pou\u017e\u00edvaniu. Reklam\u00e1ciu na prasknut\u00e9 sklo neuzn\u00e1vame po podp\u00edsan\u00ed preberacieho protokolu.<\/p>\n<!-- \/wp:paragraph --><!-- wp:paragraph -->\n<p><strong>Rosenie skl\u00e1 a profilov<\/strong><\/p>\n<!-- \/wp:paragraph --><!-- wp:paragraph -->\n<p>Rosenie okna z exteri\u00e9rovej strany je sign\u00e1lom\u00a0kvalitn\u00fdch okien, ktor\u00e9 si plnia svoju \u00falohu. V\u010faka dobr\u00fdm tepelno-izola\u010dn\u00fdm vlastnostiam je okno z vonkaj\u0161ej strany studen\u00e9, tak\u017ee sa neohrieva teplom unikaj\u00facim z v\u00e1\u0161ho domu. Tento jav je teda \u00faplne v poriadku.<\/p>\n<!-- \/wp:paragraph --><!-- wp:paragraph -->\n<p>Rosenie medzi sklami u\u017e indikuje probl\u00e9m. Tento priestor by mal by\u0165 hermeticky uzavret\u00fd, tak\u017ee by do\u0148 nemal prenika\u0165 vzduch a samozrejme ani voda. D\u00f4vodov m\u00f4\u017ee by\u0165 nieko\u013eko: prasklina v skle, nedostato\u010dn\u00e9 tesnenie r\u00e1m\u010deka alebo tesnenia skiel.<\/p>\n<!-- \/wp:paragraph --><!-- wp:paragraph -->\n<p>Rosenie okien z interi\u00e9rovej strany m\u00f4\u017ee sp\u00f4sobova\u0165 vysok\u00e1 vlhkos\u0165 vo va\u0161om dome alebo byte. V tomto pr\u00edpade je d\u00f4le\u017eit\u00e9 ma\u0165 spr\u00e1vny re\u017eim vetrania, preto\u017ee zv\u00fd\u0161en\u00e1 vlhkos\u0165 m\u00f4\u017ee okrem zarosen\u00fdch okien sp\u00f4sobova\u0165 ve\u013ea \u010fal\u0161\u00edch nepr\u00edjemnost\u00ed.<\/p>\n<!-- \/wp:paragraph --><!-- wp:paragraph -->\n<p><strong>Pozor na vlhkos\u0165<\/strong><\/p>\n<!-- \/wp:paragraph --><!-- wp:paragraph -->\n<p>Zdrojom vlhkosti v dom\u00e1cnosti je napr\u00edklad k\u00fapanie, sprchovanie, varenie, su\u0161enie bielizne alebo v\u00e4\u010d\u0161\u00ed po\u010det kvetov. Probl\u00e9m s vlhkos\u0165ou teda nemaj\u00fa iba \u013eudia b\u00fdvaj\u00faci v novostavb\u00e1ch. Zv\u00fd\u0161en\u00e1 vlhkos\u0165 sa vyskytuje aj v star\u0161\u00edch domoch a bytoch.<\/p>\n<!-- \/wp:paragraph --><!-- wp:paragraph -->\n<p>Optim\u00e1lna vlhkos\u0165 v dom\u00e1cnosti by sa mala pohybova\u0165 okolo 40%. Dlhodobo vy\u0161\u0161ia vlhkos\u0165 m\u00f4\u017ee zapr\u00ed\u010di\u0148ova\u0165 r\u00f4zne nepr\u00edjemnosti, ako u\u017e spom\u00ednan\u00e9 rosenie okien, ale aj zdravotn\u00e9 \u0165a\u017ekosti vypl\u00fdvaj\u00face z nadmern\u00e9ho mno\u017eenia bakt\u00e9rii, rozto\u010dov a tvorby plesn\u00ed.<\/p>\n<!-- \/wp:paragraph --><!-- wp:paragraph -->\n<p>Vetrajte, vetrajte, vetrajte! Spr\u00e1vne vetranie je naj\u00fa\u010dinnej\u0161ou zbra\u0148ou v boji proti vysokej vlhkosti. Vetrajte \u010dasto \u201ena ventila\u010dku\u201c cez na\u0161e patentovan\u00e9 4 polohov\u00e9 mikrovetranie, no nie pr\u00edli\u0161 dlho, preto\u017ee potom vznik\u00e1 riziko vzniku kondenza\u010dnej vody, ktor\u00e1 vedie k tvorbe plesn\u00ed.<\/p>\n<!-- \/wp:paragraph --><!-- wp:paragraph -->\n<p>Tie\u017e sa odpor\u00fa\u010da n\u00e1razov\u00e9 vetranie, ktor\u00e9 by nemalo trva\u0165 dlh\u0161ie ako 10 min\u00fat. V tomto pr\u00edpade otvorte okno dokor\u00e1n a nechajte tak cestu \u010derstv\u00e9mu vzduchu.<\/p>\n<!-- \/wp:paragraph --><!-- wp:paragraph -->\n<p>Vyu\u017e\u00edvajte vo svoj prospech prievan. Otvorte v\u0161etky okn\u00e1 na 5 min\u00fat. V\u010faka prievanu sa vo va\u0161om pr\u00edbytku kompletne vymen\u00ed v\u0161etok vzduch.<\/p>\n<!-- \/wp:paragraph --><!-- wp:paragraph -->\n<p><strong>D\u00d4LE\u017dIT\u00c9 INFORM\u00c1CIE<\/strong><\/p>\n<!-- \/wp:paragraph --><!-- wp:list -->\n<ul><!-- wp:list-item -->\n<li>Ochrann\u00e9 f\u00f3lie z profilov treba odstr\u00e1ni\u0165 najnesk\u00f4r do 4 t\u00fd\u017ed\u0148ov po osaden\u00ed.<\/li>\n<!-- \/wp:list-item --><!-- wp:list-item -->\n<li>Etikety a lepiace p\u00e1sky na skle odstr\u00e1nite najnesk\u00f4r do 1 t\u00fd\u017ed\u0148ov po osaden\u00ed!<\/li>\n<!-- \/wp:list-item --><!-- wp:list-item -->\n<li>Upozor\u0148ujeme V\u00e1s na to, \u017ee za z\u00e1vady a po\u0161kodenia, ktor\u00e9 vznikli pri individu\u00e1lnej mont\u00e1\u017ei z\u00e1kazn\u00edkom, neru\u010d\u00edme!<\/li>\n<!-- \/wp:list-item --><!-- wp:list-item -->\n<li>Pozor na ne\u010distoty \u2013 prach, maltu, star\u00fa omietku, ktor\u00e9 maj\u00fa vplyv na funk\u010dnos\u0165 kovania!<\/li>\n<!-- \/wp:list-item --><!-- wp:list-item -->\n<li>Nedopustite vkladanie ak\u00fdchko\u013evek prek\u00e1\u017eok do otvoru medzi kr\u00eddlom a r\u00e1mom.<\/li>\n<!-- \/wp:list-item --><!-- wp:list-item -->\n<li>Nebezpe\u010denstvo vypadnutia! K ochrane det\u00ed doporu\u010dujeme pou\u017ei\u0165 uzamykate\u013en\u00fa k\u013eu\u010dku.<\/li>\n<!-- \/wp:list-item --><!-- wp:list-item -->\n<li>Vonkaj\u0161ie \u010dasti r\u00e1mov\u00fdch a kr\u00eddlov\u00fdch profilov pravidelne um\u00fdva\u0165 (min. 2x mesa\u010dne), hlavne v oblastiach, kde ovzdu\u0161ie obsahuje agres\u00edvne l\u00e1tky (pe\u013e zo stromov a plod\u00edn, vo\u013en\u00e9 exhal\u00e1ty z dopravy\u2026)<\/li>\n<!-- \/wp:list-item --><!-- wp:list-item -->\n<li>Po zne\u010disten\u00ed maltou, omietkou a pod. je potrebn\u00e9 ihne\u010f o\u010disti\u0165 \u0161tetkou a vodou e\u0161te pred ich zaschnut\u00edm. \u010cistenie po zaschnut\u00ed m\u00f4\u017ee sp\u00f4sobi\u0165 po\u0161kodenie povrchov profilov a skla.<\/li>\n<!-- \/wp:list-item --><!-- wp:list-item -->\n<li>Odvod\u0148ovacie dr\u00e1\u017eky je potrebn\u00e9 vy\u010disti\u0165, aby sa predi\u0161lo zatekaniu v\u00fdrobkov.<\/li>\n<!-- \/wp:list-item --><!-- wp:list-item -->\n<li>Nenech\u00e1vajte kr\u00eddlo po\u010das siln\u00e9ho vetra alebo prievanu otvoren\u00e9.<\/li>\n<!-- \/wp:list-item --><\/ul>\n<!-- \/wp:list --><!-- wp:paragraph -->\n<p>Upozor\u0148ujeme na po\u0161kodenie skla vplyvom tepeln\u00e9ho nam\u00e1hania. \u0160tandardn\u00e9 sklo dok\u00e1\u017ee odol\u00e1va\u0165 rozdielom tepl\u00f4t do maxim\u00e1lneho rozdielu 30\u00b0C. Nam\u00e1hanie alebo n\u00e1hodn\u00e9 vystavenie podmienkam vy\u0161\u0161\u00edm ako limit za\u0165a\u017eenia ved\u00fa k n\u00e1hlemu rozbitiu skla. Z toho d\u00f4vodu s\u00fa zo z\u00e1ruky vyl\u00fa\u010den\u00e9 skl\u00e1 bez tepeln\u00e9ho spevnenia v t\u00fdchto pr\u00edpadoch pou\u017eitia:<\/p>\n<!-- \/wp:paragraph --><!-- wp:list -->\n<ul><!-- wp:list-item -->\n<li>Umiestnenie skla v bl\u00edzkosti menej ako 250 mm od vyhrievacieho telesa<\/li>\n<!-- \/wp:list-item --><!-- wp:list-item -->\n<li>Umiestnenie protislne\u010dnej ochrany (napr. rolety, exteri\u00e9rov\u00e9 \u017eal\u00fazie.) z exteri\u00e9ru, ktor\u00e1 je bli\u017e\u0161ie ako 20 mm od skla a neza-bezpe\u010d\u00ed cirkul\u00e1ciu vzduchu medzi tienen\u00edm a izola\u010dn\u00fdm sklom,<\/li>\n<!-- \/wp:list-item --><!-- wp:list-item -->\n<li>Nalepenie r\u00f4znych f\u00f3li\u00ed na sklo \u2013tmav\u00fdch farieb<\/li>\n<!-- \/wp:list-item --><!-- wp:list-item -->\n<li>Dlh\u0161ie prekrytie v\u00e4\u010d\u0161\u00edch pl\u00f4ch izola\u010dn\u00fdch skiel navz\u00e1jom ,ktor\u00e9 s\u00fa vystaven\u00e9 priamemu slne\u010dn\u00e9mu \u017eiareniu v\u00e4\u010d\u0161ej intenzity, kde nedoch\u00e1dza medzi sklami k cirkul\u00e1cii vzduchu.<\/li>\n<!-- \/wp:list-item --><!-- wp:list-item -->\n<li>V t\u00fdchto pr\u00edpadoch doporu\u010dujeme pou\u017ei\u0165 skl\u00e1 tepelne spevnen\u00e9 kalen\u00edm.<\/li>\n<!-- \/wp:list-item --><\/ul>\n<!-- \/wp:list --><!-- wp:paragraph -->\n<p><strong>N\u00e1vod na \u00fadr\u017ebu<\/strong><\/p>\n<!-- \/wp:paragraph --><!-- wp:paragraph -->\n<p>Gumov\u00e9 tesnenie treba 1x ro\u010dne umy\u0165 sapon\u00e1tom a natrie\u0165 vazelinov\u00fdm olejom. T\u00fdmto sp\u00f4sobom sa zabezpe\u010d\u00ed dlh\u00e1 \u017eivotnos\u0165 a funk\u010dnos\u0165 tesniacich \u010dast\u00ed. Na \u010distenie pou\u017e\u00edvajte v\u017edy len be\u017en\u00e9 \u010distiace prostriedky s n\u00edzkou agresivitou!<\/p>\n<!-- \/wp:paragraph --><!-- wp:paragraph -->\n<p>Pri realiz\u00e1cii omietok, oprave vn\u00fatorn\u00e9ho ostenia alebo ak\u00fdchko\u013evek stavebn\u00fdch pr\u00e1cach nesmie v \u017eiadnom pr\u00edpade d\u00f4js\u0165 k zne\u010disteniu alebo zaneseniu komponentov kovania omietkovinou, maltou a pod.<\/p>\n<!-- \/wp:paragraph --><!-- wp:paragraph -->\n<p>Aby bola zachovan\u00e1 funk\u010dnos\u0165 otv\u00e1ravo-sklopn\u00e9ho kovania (OS) pre okn\u00e1 a balk\u00f3nov\u00e9 dvere, je potrebn\u00e9 urobi\u0165najmenej raz ro\u010dne nasleduj\u00face \u00fakony:<\/p>\n<!-- \/wp:paragraph --><!-- wp:list -->\n<ul><!-- wp:list-item -->\n<li>U \u010dast\u00ed kovania, ktor\u00e9 maj\u00fa bezpe\u010dnostn\u00fd charakter, je potrebn\u00e9 v pravideln\u00fdch intervaloch kontrolova\u0165 ich opotrebenie.<\/li>\n<!-- \/wp:list-item --><!-- wp:list-item -->\n<li>V\u0161etky pohybliv\u00e9 \u010dasti a uzatv\u00e1racie miesta kovania je potrebn\u00e9 maza\u0165. Uz\u00e1very a uzatv\u00e1racie \u010dapy maza\u0165 technickou vazel\u00ednou. Do v\u0161etk\u00fdch vodiacich dr\u00e1\u017eok kvapn\u00fa\u0165 p\u00e1r kvapiek oleja na spodn\u00e9 tiahla.<\/li>\n<!-- \/wp:list-item --><!-- wp:list-item -->\n<li>Je potrebn\u00e9 pou\u017e\u00edva\u0165 iba tak\u00e9 \u010distiace a o\u0161etrovacie prostriedky, ktor\u00e9 nenaru\u0161ia ochranu proti kor\u00f3zii.<\/li>\n<!-- \/wp:list-item --><!-- wp:list-item -->\n<li>Tieto pokyny platia tie\u017e pre in\u00e9 typy okien, o ktor\u00fdch nebolo v tomto n\u00e1vode \u0161peci\u00e1lne p\u00edsan\u00e9 (napr. otv\u00e1rav\u00e9 alebo sklopn\u00e9 okn\u00e1, dvojkr\u00eddlov\u00e9 otv\u00e1ravo-sklopn\u00e9 a otv\u00e1rav\u00e9 okn\u00e1 a pod.)<\/li>\n<!-- \/wp:list-item --><\/ul>\n<!-- \/wp:list --><!-- wp:heading {\"level\":4} --><!-- \/wp:paragraph -->\t\t\t\t\t\t<\/div>\n\t\t\t\t<\/div>\n\t\t\t\t\t<\/div>\n\t\t\t\t<\/div>\n\t\t<div class=\"elementor-element elementor-element-5cbdd48 e-flex e-con-boxed e-con e-parent\" data-id=\"5cbdd48\" data-element_type=\"container\">\n\t\t\t\t\t<div class=\"e-con-inner\">\n\t\t\t\t<div class=\"elementor-element elementor-element-42c3293 elementor-widget elementor-widget-spacer\" data-id=\"42c3293\" data-element_type=\"widget\" data-widget_type=\"spacer.default\">\n\t\t\t\t<div class=\"elementor-widget-container\">\n\t\t\t<style>\/*! elementor - v3.21.0 - 08-05-2024 *\/\n.elementor-column .elementor-spacer-inner{height:var(--spacer-size)}.e-con{--container-widget-width:100%}.e-con-inner>.elementor-widget-spacer,.e-con>.elementor-widget-spacer{width:var(--container-widget-width,var(--spacer-size));--align-self:var(--container-widget-align-self,initial);--flex-shrink:0}.e-con-inner>.elementor-widget-spacer>.elementor-widget-container,.e-con>.elementor-widget-spacer>.elementor-widget-container{height:100%;width:100%}.e-con-inner>.elementor-widget-spacer>.elementor-widget-container>.elementor-spacer,.e-con>.elementor-widget-spacer>.elementor-widget-container>.elementor-spacer{height:100%}.e-con-inner>.elementor-widget-spacer>.elementor-widget-container>.elementor-spacer>.elementor-spacer-inner,.e-con>.elementor-widget-spacer>.elementor-widget-container>.elementor-spacer>.elementor-spacer-inner{height:var(--container-widget-height,var(--spacer-size))}.e-con-inner>.elementor-widget-spacer.elementor-widget-empty,.e-con>.elementor-widget-spacer.elementor-widget-empty{position:relative;min-height:22px;min-width:22px}.e-con-inner>.elementor-widget-spacer.elementor-widget-empty .elementor-widget-empty-icon,.e-con>.elementor-widget-spacer.elementor-widget-empty .elementor-widget-empty-icon{position:absolute;top:0;bottom:0;left:0;right:0;margin:auto;padding:0;width:22px;height:22px}<\/style>\t\t<div class=\"elementor-spacer\">\n\t\t\t<div class=\"elementor-spacer-inner\"><\/div>\n\t\t<\/div>\n\t\t\t\t<\/div>\n\t\t\t\t<\/div>\n\t\t\t\t\t<\/div>\n\t\t\t\t<\/div>\n\t\t\t\t<\/div>\n\t\t","protected":false},"excerpt":{"rendered":"<p>Z\u00e1ru\u010dn\u00fd a poz\u00e1ru\u010dn\u00fd servis T\u00fdmto z\u00e1ru\u010dn\u00fdm listom dod\u00e1vate\u013e preber\u00e1 z\u00e1v\u00e4zok, \u017ee dodan\u00e9 v\u00fdrobky bud\u00fa po\u010das z\u00e1ru\u010dnej doby sp\u00f4sobil\u00e9 na pou\u017eitie a na \u00fa\u010del, ktor\u00e9mu sl\u00fa\u017eia. Pod\u013ea tohto Z\u00e1ru\u010dn\u00e9ho listu dod\u00e1vate\u013e zodpoved\u00e1 za kon\u0161truk\u010dn\u00e9, v\u00fdrobn\u00e9 a materi\u00e1lov\u00e9 chyby v\u00fdrobkov, a za ch\u00fdbaj\u00face vlastnosti v\u00fdrobkov, existenciu ktor\u00fdch dod\u00e1vate\u013e garantoval alebo existenciu ktor\u00fdch sa d\u00e1 vzh\u013eadom na s\u00fa\u010dasn\u00fd [&hellip;]<\/p>\n","protected":false},"author":1,"featured_media":0,"parent":0,"menu_order":0,"comment_status":"closed","ping_status":"closed","template":"elementor_header_footer","meta":{"footnotes":""},"_links":{"self":[{"href":"https:\/\/www.doorlux.sk\/index.php?rest_route=\/wp\/v2\/pages\/581"}],"collection":[{"href":"https:\/\/www.doorlux.sk\/index.php?rest_route=\/wp\/v2\/pages"}],"about":[{"href":"https:\/\/www.doorlux.sk\/index.php?rest_route=\/wp\/v2\/types\/page"}],"author":[{"embeddable":true,"href":"https:\/\/www.doorlux.sk\/index.php?rest_route=\/wp\/v2\/users\/1"}],"replies":[{"embeddable":true,"href":"https:\/\/www.doorlux.sk\/index.php?rest_route=%2Fwp%2Fv2%2Fcomments&post=581"}],"version-history":[{"count":22,"href":"https:\/\/www.doorlux.sk\/index.php?rest_route=\/wp\/v2\/pages\/581\/revisions"}],"predecessor-version":[{"id":966,"href":"https:\/\/www.doorlux.sk\/index.php?rest_route=\/wp\/v2\/pages\/581\/revisions\/966"}],"wp:attachment":[{"href":"https:\/\/www.doorlux.sk\/index.php?rest_route=%2Fwp%2Fv2%2Fmedia&parent=581"}],"curies":[{"name":"wp","href":"https:\/\/api.w.org\/{rel}","templated":true}]}}